{"id":7674,"date":"2018-11-09T17:34:39","date_gmt":"2018-11-09T16:34:39","guid":{"rendered":"https:\/\/prod.cabanes-du-mont.ch\/?page_id=7674"},"modified":"2025-10-12T10:30:20","modified_gmt":"2025-10-12T08:30:20","slug":"preise-infos","status":"publish","type":"page","link":"https:\/\/cabanes-du-mont.ch\/de\/praktische-infos\/preise-infos\/","title":{"rendered":"Preise \/ infos"},"content":{"rendered":"<p><strong>Preis pro Nacht und pro Baumhaus f\u00fcr 1 oder 2 Erwachsene<\/strong><\/p>\n<ul>\n<li>CHF 210.- Nebensaison (unter der Woche ausser Feiertage und Schulferien)<\/li>\n<li>CHF 290.- Hochsaison (Nacht von Freitag auf Samstag sowie von Samstag auf Sonntag + Feiertage und Schulferien)<\/li>\n<li>CHF 80.- pro weiteren Erwachsenen<\/li>\n<\/ul>\n<p><strong>Inklusive<\/strong> : Fr\u00fchst\u00fcck <span class=\"VIiyi\" lang=\"de\"><span class=\"JLqJ4b ChMk0b\" data-language-for-alternatives=\"de\" data-language-to-translate-into=\"fr\" data-phrase-index=\"0\" data-number-of-phrases=\"1\"><span class=\"Q4iAWc\">(Brot, Croissants, Butter, Marmelade, Orangensaft, Milch, Kaffee, Tee, Kakao, Kellogg&#8217;s und Obst oder Joghurt)<\/span><\/span><\/span>, Bettw\u00e4sche, Duschtuch, Kurtaxe CHF 3.- pro Erwachsener und MwST.<\/p>\n<p><em><strong>Die \u00dcbernachtung f\u00fcr Kinder unter 18 Jahren ist kostenlos mit Fr\u00fchst\u00fcck inklusive<br \/>\nDie Kinder bringen einen Schlafsack, einen Kissenbezug (50 x 70 cm) sowie ein Duschtuch.<br \/>\n<\/strong><\/em><\/p>\n<p><em><span class=\"tlid-translation translation\" lang=\"de\"><span class=\"\" title=\"\"><span title=\"\">Ein 60 x 120 cm gro\u00dfes Babybett\u00a0 ist auch erh\u00e4ltlich <span class=\"VIiyi\" lang=\"de\"><span class=\"JLqJ4b ChMk0b\" data-language-for-alternatives=\"de\" data-language-to-translate-into=\"fr\" data-phrase-index=\"0\" data-number-of-phrases=\"1\"><span class=\"Q4iAWc\">(au\u00dfer im Baumhaus \u201eAventure\u201c, Platzmangel)<\/span><\/span><\/span>.<\/span><\/span><\/span><\/em><\/p>\n<p><em>M\u00f6glichkeit, diese Ausr\u00fcstung (auf vorherige Anfrage) gegen einen Aufpreis von CHF 10.- zu mieten, der w\u00e4hrend Ihres Aufenthalts zu zahlen ist.<\/em><\/p>\n<p>Bei den Baumh\u00e4usern \u201eNostalgie\u201c und \u201eNature\u201c geben Sie bitte bei Anreise mit einem Kind das Alter des Kindes an und ob Sie ein Zustellbett (70&#215;190 cm) bzw. Babybett (70&#215;140 cm) ben\u00f6tigen oder nicht.<\/p>\n<p>Spezialtarife\u00a0:<\/p>\n<ul>\n<li>Erm\u00e4ssigung von 10% ab der 3. \u00dcbernachtung<\/li>\n<li>Vermietung von 4 Baumh\u00e4user auf Anfrage<\/li>\n<\/ul>\n<p>Haustiere sind in den Baumh\u00e4usern nicht erlaubt.<\/p>\n<p><span class=\"tlid-translation translation\" lang=\"de\"><span class=\"\" title=\"\">Innen werden Hausschuhe empfohlen.<\/span><\/span><\/p>\n<p><span class=\"HwtZe\" lang=\"de\"><span class=\"jCAhz ChMk0b\"><span class=\"ryNqvb\"><strong>JURA-PASS<\/strong> auf Voranmeldung.<\/span><\/span><\/span><\/p>\n<p><strong><span class=\"HwtZe\" lang=\"de\"><span class=\"jCAhz ChMk0b\"><span class=\"ryNqvb\">Abendessen, K\u00e4sefondue und Picknickk\u00f6rbe k\u00f6nnen online mit der \u00dcbernachtung und\/oder per E-Mail mindestens 10 Tage vor dem Aufenthaltstermin reserviert werden und vorbehaltlich m\u00f6glicher Schlie\u00dfungen unserer Lieferanten.<\/span><\/span><\/span><\/strong><\/p>\n<p><strong>Abendessen<\/strong> im Baumhaus zu CHF 30.- pro Person, serviert zwischen 18.30 und 19.00 Uhr<\/p>\n<p><em><strong>Mittwoch bis Samstag<br \/>\n<\/strong><\/em><\/p>\n<ul>\n<li>gr\u00fcner Salat, Rindsgulasch, Nudeln, Dessert <strong>(mindestens 2 Portionen)<\/strong><\/li>\n<li>gr\u00fcner Salat, Schweinebraten, Nudeln, Dessert <strong>(mindestens 2 Portionen)<\/strong><\/li>\n<\/ul>\n<p><em><strong>Mittwoch bis Sonntag <\/strong><\/em><\/p>\n<ul>\n<li>gr\u00fcner Salat, Eglifilets in Butter, Reis, Gem\u00fcse, Dessert<\/li>\n<li>gemischter Salat, Roastbeef, Kr\u00e4utermayonnaise, Pommes frites, Dessert <strong>(vom 1. Mai bis 31. August)<\/strong><\/li>\n<\/ul>\n<p><strong>K\u00e4sefondue<\/strong> am Abend im Baumhaus <strong>(mindestens 2 Portionen)<\/strong> zu CHF 25.- pro Portion<strong><br \/>\n<\/strong><\/p>\n<ul>\n<li><span class=\"HwtZe\" lang=\"de\"><span class=\"jCAhz ChMk0b\"><span class=\"ryNqvb\">225 gr.<\/span><\/span> <span class=\"jCAhz ChMk0b\"><span class=\"ryNqvb\">von regionalen K\u00e4sesorten<\/span><\/span><\/span>, Wein, St\u00e4rke, Pfeffer, Brot, Caquelon, Herd, Gabeln, INKL. REINIGUNG<\/li>\n<\/ul>\n<p><strong>Picknickkorb DUO zu CHF 55.-<br \/>\n<\/strong>1\/2 Flasche Rotwein, Trockenwurst, Trockenspeck, K\u00e4se, Kekse, Marmelade (ohne Brot)<strong><br \/>\nFamilien Picknickkorb zu CHF 75.-<br \/>\n<\/strong>1\/2 Flasche Rotwein, Trockenwurst, Trockenspeck, K\u00e4se, Kekse, Senf BFM, Sirup, Marmelade, Trockenfr\u00fcchte, (ohne Brot)<strong><br \/>\n<\/strong><strong><br \/>\nPicknickpl\u00e4tze<\/strong> mit Barbecue verf\u00fcgbar.<\/p>\n<p><strong>Ankunft zwischen 16.00 und 18.00 Uhr \/ Abfahrt um 10.00 sp\u00e4testens um 10.30\u00a0 Uhr.<\/strong><\/p>\n","protected":false},"excerpt":{"rendered":"<p>Preis pro Nacht und pro Baumhaus f\u00fcr 1 oder 2 Erwachsene CHF 210.- Nebensaison (unter der Woche ausser Feiertage und Schulferien) CHF 290.- Hochsaison (Nacht von Freitag auf Samstag sowie von Samstag auf Sonntag + Feiertage und Schulferien) CHF 80.- pro weiteren Erwachsenen Inklusive : Fr\u00fchst\u00fcck (Brot, Croissants, Butter, Marmelade, Orangensaft, Milch, Kaffee, Tee, Kakao, [&hellip;]<\/p>\n","protected":false},"author":1,"featured_media":0,"parent":7495,"menu_order":0,"comment_status":"closed","ping_status":"closed","template":"template_tarifs.php","meta":{"_acf_changed":false,"jetpack_post_was_ever_published":false,"footnotes":""},"class_list":["post-7674","page","type-page","status-publish","hentry"],"acf":[],"jetpack_sharing_enabled":true,"jetpack_shortlink":"https:\/\/wp.me\/Part07-1ZM","jetpack-related-posts":[],"_links":{"self":[{"href":"https:\/\/cabanes-du-mont.ch\/de\/wp-json\/wp\/v2\/pages\/7674"}],"collection":[{"href":"https:\/\/cabanes-du-mont.ch\/de\/wp-json\/wp\/v2\/pages"}],"about":[{"href":"https:\/\/cabanes-du-mont.ch\/de\/wp-json\/wp\/v2\/types\/page"}],"author":[{"embeddable":true,"href":"https:\/\/cabanes-du-mont.ch\/de\/wp-json\/wp\/v2\/users\/1"}],"replies":[{"embeddable":true,"href":"https:\/\/cabanes-du-mont.ch\/de\/wp-json\/wp\/v2\/comments?post=7674"}],"version-history":[{"count":27,"href":"https:\/\/cabanes-du-mont.ch\/de\/wp-json\/wp\/v2\/pages\/7674\/revisions"}],"predecessor-version":[{"id":18248,"href":"https:\/\/cabanes-du-mont.ch\/de\/wp-json\/wp\/v2\/pages\/7674\/revisions\/18248"}],"up":[{"embeddable":true,"href":"https:\/\/cabanes-du-mont.ch\/de\/wp-json\/wp\/v2\/pages\/7495"}],"wp:attachment":[{"href":"https:\/\/cabanes-du-mont.ch\/de\/wp-json\/wp\/v2\/media?parent=7674"}],"curies":[{"name":"wp","href":"https:\/\/api.w.org\/{rel}","templated":true}]}}