{"id":7653,"date":"2018-11-09T16:05:12","date_gmt":"2018-11-09T15:05:12","guid":{"rendered":"https:\/\/prod.cabanes-du-mont.ch\/?page_id=7653"},"modified":"2025-03-11T10:31:25","modified_gmt":"2025-03-11T09:31:25","slug":"partner","status":"publish","type":"page","link":"https:\/\/cabanes-du-mont.ch\/de\/partner\/","title":{"rendered":"Partner"},"content":{"rendered":"<h2 style=\"text-align: left;\">Premium<\/h2>\n<table>\n<tbody>\n<tr>\n<td><img loading=\"lazy\" decoding=\"async\" class=\"alignnone wp-image-205 img-responsive \" src=\"https:\/\/i0.wp.com\/cabanes-du-mont.ch\/wp-content\/uploads\/2017\/01\/HN_Logo_FR_POS_rot.png?resize=151%2C93&#038;ssl=1\" width=\"151\" height=\"93\" srcset=\"https:\/\/i0.wp.com\/cabanes-du-mont.ch\/wp-content\/uploads\/2017\/01\/HN_Logo_FR_POS_rot.png?resize=300%2C185&amp;ssl=1 300w, https:\/\/i0.wp.com\/cabanes-du-mont.ch\/wp-content\/uploads\/2017\/01\/HN_Logo_FR_POS_rot.png?resize=768%2C474&amp;ssl=1 768w, https:\/\/i0.wp.com\/cabanes-du-mont.ch\/wp-content\/uploads\/2017\/01\/HN_Logo_FR_POS_rot.png?resize=1024%2C632&amp;ssl=1 1024w, https:\/\/i0.wp.com\/cabanes-du-mont.ch\/wp-content\/uploads\/2017\/01\/HN_Logo_FR_POS_rot.png?w=1425&amp;ssl=1 1425w\" sizes=\"(max-width: 151px) 100vw, 151px\" data-recalc-dims=\"1\" \/><br \/>\nH\u00fcsler Nest AG das Schweizer Natur-Bett<a href=\"http:\/\/www.huesler-nest.ch\">www.huesler-nest.ch<\/a>Balthasar H\u00fcsler: Der Schweizer Naturbett-Pionier\u00ab Das Schlafsystem muss sich dem K\u00f6rper anpassen k\u00f6nnen und ergonomisch durchdacht sein. \u00bb<br \/>\nPhilosophie, gesunder Schlaf, nat\u00fcrliche Materialien, H\u00fcsler Nest, Premium-Partner der Cabanes du Mont<\/td>\n<\/tr>\n<\/tbody>\n<\/table>\n<h2><\/h2>\n<h2>Privileg<\/h2>\n<table>\n<tbody>\n<tr>\n<td><img loading=\"lazy\" decoding=\"async\" class=\"alignnone wp-image-16814\" src=\"https:\/\/i0.wp.com\/cabanes-du-mont.ch\/wp-content\/uploads\/2025\/03\/LOGO_GC_haut_N-002.png?resize=124%2C63&#038;ssl=1\" alt=\"\" width=\"124\" height=\"63\" srcset=\"https:\/\/i0.wp.com\/cabanes-du-mont.ch\/wp-content\/uploads\/2025\/03\/LOGO_GC_haut_N-002.png?resize=300%2C153&amp;ssl=1 300w, https:\/\/i0.wp.com\/cabanes-du-mont.ch\/wp-content\/uploads\/2025\/03\/LOGO_GC_haut_N-002.png?resize=1024%2C521&amp;ssl=1 1024w, https:\/\/i0.wp.com\/cabanes-du-mont.ch\/wp-content\/uploads\/2025\/03\/LOGO_GC_haut_N-002.png?resize=768%2C391&amp;ssl=1 768w, https:\/\/i0.wp.com\/cabanes-du-mont.ch\/wp-content\/uploads\/2025\/03\/LOGO_GC_haut_N-002.png?resize=1536%2C782&amp;ssl=1 1536w, https:\/\/i0.wp.com\/cabanes-du-mont.ch\/wp-content\/uploads\/2025\/03\/LOGO_GC_haut_N-002.png?resize=2048%2C1043&amp;ssl=1 2048w\" sizes=\"(max-width: 124px) 100vw, 124px\" data-recalc-dims=\"1\" \/><\/p>\n<p style=\"text-align: left;\">Groupe Corbat<br \/>\n<a href=\"http:\/\/www.corbat-holding.ch\" rel=\"\">www.groupe-corbat.ch<\/a><\/p>\n<p><span class=\"HwtZe\" lang=\"de\"><span class=\"jCAhz ChMk0b\"><span class=\"ryNqvb\">Die <strong>Groupe Corbat<\/strong> ist seit bald einem Jahrhundert in der <strong>Holzindustrie<\/strong> t\u00e4tig. Ihre Kernaufgabe besteht in die optimale und zirkul\u00e4re Nutzung der regionalen Waldressourcen. Massivholz, Holzbau, Holzverkleidung Parkett, Holz im Ausserbereich, Aussenm\u00f6bel und Signalisation, Bahnschwellen, Pellets, Groupe Corbat, privilegierter Partner von &#8222;Les Cabanes du Mont&#8220;.<\/span><\/span><\/span><\/td>\n<\/tr>\n<\/tbody>\n<\/table>\n<h2>Institutionell<\/h2>\n<div class=\"col-md-12\">\n<div class=\"col-md-4\"><a href=\"http:\/\/jura.ch\" target=\"_blank\" rel=\"noopener\"><br \/>\n<img loading=\"lazy\" decoding=\"async\" class=\"wp-image-465 alignnone img-responsive\" src=\"https:\/\/i0.wp.com\/cabanes-du-mont.ch\/wp-content\/uploads\/2017\/01\/RCJU_logo-compacte-CMJN-1.png?resize=229%2C51&#038;ssl=1\" alt=\"\" width=\"229\" height=\"51\" srcset=\"https:\/\/i0.wp.com\/cabanes-du-mont.ch\/wp-content\/uploads\/2017\/01\/RCJU_logo-compacte-CMJN-1.png?resize=300%2C67&amp;ssl=1 300w, https:\/\/i0.wp.com\/cabanes-du-mont.ch\/wp-content\/uploads\/2017\/01\/RCJU_logo-compacte-CMJN-1.png?resize=768%2C172&amp;ssl=1 768w, https:\/\/i0.wp.com\/cabanes-du-mont.ch\/wp-content\/uploads\/2017\/01\/RCJU_logo-compacte-CMJN-1.png?resize=1024%2C229&amp;ssl=1 1024w\" sizes=\"(max-width: 229px) 100vw, 229px\" data-recalc-dims=\"1\" \/><br \/>\n<\/a><\/div>\n<div class=\"col-md-4\"><img loading=\"lazy\" decoding=\"async\" class=\"wp-image-463 alignnone img-responsive\" src=\"https:\/\/i0.wp.com\/cabanes-du-mont.ch\/wp-content\/uploads\/2017\/01\/BL_Fr_WBF_SECO_RGB_pos_hoch-1.png?resize=231%2C116&#038;ssl=1\" alt=\"\" width=\"231\" height=\"116\" srcset=\"https:\/\/i0.wp.com\/cabanes-du-mont.ch\/wp-content\/uploads\/2017\/01\/BL_Fr_WBF_SECO_RGB_pos_hoch-1.png?resize=300%2C151&amp;ssl=1 300w, https:\/\/i0.wp.com\/cabanes-du-mont.ch\/wp-content\/uploads\/2017\/01\/BL_Fr_WBF_SECO_RGB_pos_hoch-1.png?resize=768%2C385&amp;ssl=1 768w, https:\/\/i0.wp.com\/cabanes-du-mont.ch\/wp-content\/uploads\/2017\/01\/BL_Fr_WBF_SECO_RGB_pos_hoch-1.png?w=805&amp;ssl=1 805w\" sizes=\"(max-width: 231px) 100vw, 231px\" data-recalc-dims=\"1\" \/><\/div>\n<div class=\"col-md-4\"><a href=\"http:\/\/regiosuisse.ch\" target=\"_blank\" rel=\"noopener\"><img loading=\"lazy\" decoding=\"async\" class=\"wp-image-464 alignnone img-responsive\" src=\"https:\/\/i0.wp.com\/cabanes-du-mont.ch\/wp-content\/uploads\/2017\/01\/Logo_NPR_f_vertikal_print.png?resize=182%2C170&#038;ssl=1\" alt=\"\" width=\"182\" height=\"170\" srcset=\"https:\/\/i0.wp.com\/cabanes-du-mont.ch\/wp-content\/uploads\/2017\/01\/Logo_NPR_f_vertikal_print.png?resize=300%2C280&amp;ssl=1 300w, https:\/\/i0.wp.com\/cabanes-du-mont.ch\/wp-content\/uploads\/2017\/01\/Logo_NPR_f_vertikal_print.png?resize=768%2C717&amp;ssl=1 768w, https:\/\/i0.wp.com\/cabanes-du-mont.ch\/wp-content\/uploads\/2017\/01\/Logo_NPR_f_vertikal_print.png?w=882&amp;ssl=1 882w\" sizes=\"(max-width: 182px) 100vw, 182px\" data-recalc-dims=\"1\" \/><\/a><\/div>\n<\/div>\n<h2>Regional<\/h2>\n<p><a href=\"http:\/\/www.sironi.ch\">Sironi SA Architectes SIA<\/a><br \/>\n<a href=\"http:\/\/www.nicol-meubles.ch\">Nicol Meubles SA<br \/>\n<\/a><a href=\"http:\/\/www.rwbgroupe.ch\">RWB Groupe SA<\/a><\/p>\n<h2><strong>Tourismus<\/strong><\/h2>\n<p><a href=\"http:\/\/www.juratourisme.ch\">Jura Tourisme<\/a><br \/>\n<a href=\"https:\/\/www.loisirs.ch\/loisirs\/24104\/les-cabanes-du-mont\">loisirs.ch<\/a><\/p>\n","protected":false},"excerpt":{"rendered":"<p>Premium H\u00fcsler Nest AG das Schweizer Natur-Bettwww.huesler-nest.chBalthasar H\u00fcsler: Der Schweizer Naturbett-Pionier\u00ab Das Schlafsystem muss sich dem K\u00f6rper anpassen k\u00f6nnen und ergonomisch durchdacht sein. \u00bb Philosophie, gesunder Schlaf, nat\u00fcrliche Materialien, H\u00fcsler Nest, Premium-Partner der Cabanes du Mont Privileg Groupe Corbat www.groupe-corbat.ch Die Groupe Corbat ist seit bald einem Jahrhundert in der Holzindustrie t\u00e4tig. Ihre Kernaufgabe besteht [&hellip;]<\/p>\n","protected":false},"author":1,"featured_media":0,"parent":0,"menu_order":0,"comment_status":"closed","ping_status":"closed","template":"","meta":{"_acf_changed":false,"jetpack_post_was_ever_published":false,"footnotes":""},"class_list":["post-7653","page","type-page","status-publish","hentry"],"acf":[],"jetpack_sharing_enabled":true,"jetpack_shortlink":"https:\/\/wp.me\/Part07-1Zr","jetpack-related-posts":[],"_links":{"self":[{"href":"https:\/\/cabanes-du-mont.ch\/de\/wp-json\/wp\/v2\/pages\/7653"}],"collection":[{"href":"https:\/\/cabanes-du-mont.ch\/de\/wp-json\/wp\/v2\/pages"}],"about":[{"href":"https:\/\/cabanes-du-mont.ch\/de\/wp-json\/wp\/v2\/types\/page"}],"author":[{"embeddable":true,"href":"https:\/\/cabanes-du-mont.ch\/de\/wp-json\/wp\/v2\/users\/1"}],"replies":[{"embeddable":true,"href":"https:\/\/cabanes-du-mont.ch\/de\/wp-json\/wp\/v2\/comments?post=7653"}],"version-history":[{"count":10,"href":"https:\/\/cabanes-du-mont.ch\/de\/wp-json\/wp\/v2\/pages\/7653\/revisions"}],"predecessor-version":[{"id":16827,"href":"https:\/\/cabanes-du-mont.ch\/de\/wp-json\/wp\/v2\/pages\/7653\/revisions\/16827"}],"wp:attachment":[{"href":"https:\/\/cabanes-du-mont.ch\/de\/wp-json\/wp\/v2\/media?parent=7653"}],"curies":[{"name":"wp","href":"https:\/\/api.w.org\/{rel}","templated":true}]}}