{"id":7483,"date":"2018-11-09T11:53:07","date_gmt":"2018-11-09T10:53:07","guid":{"rendered":"https:\/\/prod.cabanes-du-mont.ch\/?page_id=7483"},"modified":"2025-08-03T08:55:19","modified_gmt":"2025-08-03T06:55:19","slug":"baumhaeuser-in-coeuve-jura","status":"publish","type":"page","link":"https:\/\/cabanes-du-mont.ch\/de\/","title":{"rendered":"Baumh\u00e4user **** in Coeuve (Jura)."},"content":{"rendered":"<p style=\"text-align: center;\"><strong>\u00a0<\/strong><\/p>\n<p style=\"text-align: center;\"><strong>Die Baumh\u00e4user sind ganzj\u00e4hrig bewohnbar<\/strong> und verf\u00fcgen \u00fcber Heizung, WC,<br \/>\nDusche, Essecke mit K\u00fchlschrank, Mikrowelle, Kaffeemaschine, Wasserkocher und Geschirr (keine Kochplatten).<\/p>\n<p style=\"text-align: center;\">Sie werden, in v\u00f6lliger Harmonie mit der Umwelt,<br \/>\nin einem Schweizer Naturbett unseres Partners <strong><a href=\"http:\/\/www.huesler-nest.ch\/de\/\" target=\"_blank\" rel=\"noopener noreferrer\">H\u00fcsler Nest<\/a><\/strong> schlafen.<br \/>\nDie \u00fcberdachten Terrassen in 3 m H\u00f6he sind durch eine solide Wendeltreppe zu erreichen. <span class=\"tlid-translation translation\" lang=\"de\"><span class=\"\" title=\"\">Innen werden Hausschuhe empfohlen.<\/span><\/span><\/p>\n<p style=\"text-align: center;\">Geniessen Sie nebst Picknick-K\u00f6rben mit regionalen Spezialit\u00e4ten und den gelieferten Mahlzeiten ein exzellentes Fondue im Baumhaus. Alle Leistungen sind online reservierbar. An der Rezeption finden Sie auch verschiedene regionale Produkte (Marmelade, Sirup, Senf, Weisswein sowie Rotwein, Craft Biere) .<\/p>\n<p style=\"text-align: center;\">Picknickpl\u00e4tze mit Barbecue verf\u00fcgbar.<br \/>\n<strong>Ankunft zwischen 16.00 und 18.00 Uhr \/ Abfahrt um 10.00 sp\u00e4testens um 10.30 Uhr<\/strong><\/p>\n","protected":false},"excerpt":{"rendered":"<p>\u00a0 Die Baumh\u00e4user sind ganzj\u00e4hrig bewohnbar und verf\u00fcgen \u00fcber Heizung, WC, Dusche, Essecke mit K\u00fchlschrank, Mikrowelle, Kaffeemaschine, Wasserkocher und Geschirr (keine Kochplatten). Sie werden, in v\u00f6lliger Harmonie mit der Umwelt, in einem Schweizer Naturbett unseres Partners H\u00fcsler Nest schlafen. Die \u00fcberdachten Terrassen in 3 m H\u00f6he sind durch eine solide Wendeltreppe zu erreichen. Innen werden [&hellip;]<\/p>\n","protected":false},"author":1,"featured_media":0,"parent":0,"menu_order":0,"comment_status":"closed","ping_status":"closed","template":"template_accueil.php","meta":{"_acf_changed":false,"jetpack_post_was_ever_published":false,"footnotes":""},"class_list":["post-7483","page","type-page","status-publish","hentry"],"acf":[],"jetpack_sharing_enabled":true,"jetpack_shortlink":"https:\/\/wp.me\/Part07-1WH","jetpack-related-posts":[],"_links":{"self":[{"href":"https:\/\/cabanes-du-mont.ch\/de\/wp-json\/wp\/v2\/pages\/7483"}],"collection":[{"href":"https:\/\/cabanes-du-mont.ch\/de\/wp-json\/wp\/v2\/pages"}],"about":[{"href":"https:\/\/cabanes-du-mont.ch\/de\/wp-json\/wp\/v2\/types\/page"}],"author":[{"embeddable":true,"href":"https:\/\/cabanes-du-mont.ch\/de\/wp-json\/wp\/v2\/users\/1"}],"replies":[{"embeddable":true,"href":"https:\/\/cabanes-du-mont.ch\/de\/wp-json\/wp\/v2\/comments?post=7483"}],"version-history":[{"count":7,"href":"https:\/\/cabanes-du-mont.ch\/de\/wp-json\/wp\/v2\/pages\/7483\/revisions"}],"predecessor-version":[{"id":17862,"href":"https:\/\/cabanes-du-mont.ch\/de\/wp-json\/wp\/v2\/pages\/7483\/revisions\/17862"}],"wp:attachment":[{"href":"https:\/\/cabanes-du-mont.ch\/de\/wp-json\/wp\/v2\/media?parent=7483"}],"curies":[{"name":"wp","href":"https:\/\/api.w.org\/{rel}","templated":true}]}}